{"id":5289,"date":"2024-11-05T08:46:16","date_gmt":"2024-11-05T07:46:16","guid":{"rendered":"https:\/\/fagorcomfortsolutions.es\/?page_id=5289"},"modified":"2025-07-27T17:59:35","modified_gmt":"2025-07-27T15:59:35","slug":"bombas-de-calor-acs","status":"publish","type":"page","link":"https:\/\/fagorcomfortsolutions.es\/pt-pt\/bombas-de-calor-acs\/","title":{"rendered":"Bombas de calor ACS"},"content":{"rendered":"<section class=\"l-section wpb_row height_auto\"><div class=\"l-section-h i-cf\"><div class=\"g-cols vc_row via_grid cols_1 laptops-cols_inherit tablets-cols_inherit mobiles-cols_1 valign_top type_default stacking_default\"><div class=\"wpb_column vc_column_container\"><div class=\"vc_column-inner\"><\/div><\/div><\/div><\/div><\/section><section class=\"l-section wpb_row cabecera height_auto with_img\"><div class=\"l-section-img\" role=\"img\" data-img-width=\"2400\" data-img-height=\"736\" style=\"background-image: url(https:\/\/fagorcomfortsolutions.es\/wp-content\/uploads\/2025\/03\/aerotermia.jpg);background-repeat: no-repeat;\"><\/div><div class=\"l-section-overlay\" style=\"background:var(--color-content-primary)\"><\/div><div class=\"l-section-h i-cf\"><div class=\"g-cols vc_row via_grid cols_1 laptops-cols_inherit tablets-cols_inherit mobiles-cols_1 valign_top type_default stacking_default\"><div class=\"wpb_column vc_column_container\"><div class=\"vc_column-inner\"><div class=\"g-cols wpb_row via_grid cols_2 laptops-cols_inherit tablets-cols_inherit mobiles-cols_1 valign_bottom type_default stacking_default\" style=\"--gap:3rem;\"><div class=\"wpb_column vc_column_container\"><div class=\"vc_column-inner\"><div class=\"w-hwrapper valign_top align_left\"><div class=\"w-vwrapper us_custom_edb423b1 align_left valign_middle\"><div class=\"w-image imagen align_none\"><div class=\"w-image-h\"><img loading=\"lazy\" decoding=\"async\" width=\"1024\" height=\"1024\" src=\"https:\/\/fagorcomfortsolutions.es\/wp-content\/uploads\/2025\/03\/verde.svg\" class=\"attachment-large size-large\" alt=\"\" loading=\"lazy\" \/><\/div><\/div><div class=\"wpb_text_column us_custom_6df4bc3a texto has_text_color\"><div class=\"wpb_wrapper\"><h1><strong>Bombas de calor ACS<\/strong><\/h1>\n<h2>Consomem 4 vezes menos,<br \/>\naproveitando o calor<br \/>\ndo ar exterior<\/h2>\n<\/div><\/div><\/div><\/div><\/div><\/div><div class=\"wpb_column vc_column_container\"><div class=\"vc_column-inner\"><\/div><\/div><\/div><div class=\"g-cols wpb_row us_custom_60d0bd15 via_grid cols_2 laptops-cols_inherit tablets-cols_inherit mobiles-cols_1 valign_bottom type_default stacking_default\" style=\"--gap:6rem;--laptops-gap:6rem;--tablets-gap:3rem;--mobiles-gap:0.5rem;\"><div class=\"wpb_column vc_column_container\"><div class=\"vc_column-inner\"><div class=\"w-image us_custom_15a2201b imagen-prod us_animate_this align_right\"><div class=\"w-image-h\"><img loading=\"lazy\" decoding=\"async\" width=\"1024\" height=\"663\" src=\"https:\/\/fagorcomfortsolutions.es\/wp-content\/uploads\/2025\/03\/bombas-prod.png\" class=\"attachment-full size-full\" alt=\"Bombas de calor ACS Fagor\" loading=\"lazy\" srcset=\"https:\/\/fagorcomfortsolutions.es\/wp-content\/uploads\/2025\/03\/bombas-prod.png 1024w, https:\/\/fagorcomfortsolutions.es\/wp-content\/uploads\/2025\/03\/bombas-prod-300x194.png 300w\" sizes=\"auto, (max-width: 1024px) 100vw, 1024px\" \/><\/div><\/div><\/div><\/div><div class=\"wpb_column vc_column_container\"><div class=\"vc_column-inner\"><div class=\"w-btn-wrapper align_center\"><button class=\"w-btn us-btn-style_7 us_custom_2a9ba11a form-presupuesto us_animate_this\" onclick=\"return false\"><span class=\"w-btn-label\">Solicite um or\u00e7amento<\/span><\/button><\/div><\/div><\/div><\/div><div class=\"w-separator size_small\"><\/div><\/div><\/div><\/div><\/div><\/section><section class=\"l-section wpb_row height_large\" id=\"productos\"><div class=\"l-section-h i-cf\"><div class=\"g-cols vc_row via_grid cols_custom laptops-cols_inherit tablets-cols_inherit mobiles-cols_1 valign_top type_default stacking_default\" style=\"--custom-columns:0.5fr 5fr 0.5fr \"><div class=\"wpb_column vc_column_container\"><div class=\"vc_column-inner\"><\/div><\/div><div class=\"wpb_column vc_column_container\"><div class=\"vc_column-inner\"><div class=\"w-vwrapper align_center valign_top\" style=\"--vwrapper-gap:0.5rem\"><div class=\"wpb_text_column us_custom_6745946f has_text_color\"><div class=\"wpb_wrapper\"><h2 class=\"h1\"><strong>Descubra a nossa gama de Bombas de Calor<\/strong><\/h2>\n<\/div><\/div><div class=\"wpb_text_column\"><div class=\"wpb_wrapper\"><h3>Encontre o que melhor se adapta \u00e0s suas necessidades<\/h3>\n<\/div><\/div><\/div><div class=\"w-separator size_medium\"><\/div><div class=\"w-grid type_grid layout_249 cols_3 with_css_animation\" id=\"us_grid_1\" style=\"--gap:1rem;\" data-filterable=\"true\"><style>@media (max-width:1024px){#us_grid_1 .w-grid-item{width:50%}}@media (max-width:600px){#us_grid_1 .w-grid-list{margin:0}#us_grid_1 .w-grid-item{width:100%;padding:0;margin-bottom:var(--gap,0px)}}.layout_249 .w-grid-item-h{}.layout_249 .usg_post_title_1{color:var(--color-content-primary)!important;text-align:inherit!important;font-weight:500!important}.layout_249 .usg_post_taxonomy_1{color:var(--color-content-primary)!important;text-align:inherit!important;font-size:0.7rem!important}.layout_249 .usg_vwrapper_1{padding-right:10%!important}.layout_249 .usg_post_image_1{width:80%!important;margin-bottom:1rem!important}.layout_249 .usg_post_taxonomy_2{text-align:inherit!important;font-size:1.3rem!important}.layout_249 .usg_vwrapper_2{margin-bottom:1rem!important}.layout_249 .usg_post_content_1{color:#737373!important;text-align:inherit!important;font-size:0.9rem!important;line-height:1.3!important}@media (min-width:1025px) and (max-width:1380px){.layout_249 .usg_post_title_1{color:var(--color-content-primary)!important;text-align:inherit!important;font-weight:500!important}.layout_249 .usg_post_taxonomy_1{color:var(--color-content-primary)!important;text-align:inherit!important;font-size:0.7rem!important}.layout_249 .usg_vwrapper_1{padding-right:10%!important}.layout_249 .usg_post_image_1{width:80%!important;margin-bottom:1rem!important}.layout_249 .usg_post_taxonomy_2{text-align:inherit!important;font-size:1.3rem!important}.layout_249 .usg_post_content_1{color:#737373!important;text-align:inherit!important;font-size:0.9rem!important;line-height:1.3!important}}@media (min-width:601px) and (max-width:1024px){.layout_249 .usg_post_title_1{color:var(--color-content-primary)!important;text-align:inherit!important;font-weight:500!important}.layout_249 .usg_post_taxonomy_1{color:var(--color-content-primary)!important;text-align:inherit!important;font-size:0.7rem!important}.layout_249 .usg_vwrapper_1{padding-right:10%!important}.layout_249 .usg_post_image_1{width:70%!important;margin-left:0!important;margin-bottom:1rem!important}.layout_249 .usg_post_taxonomy_2{text-align:inherit!important;font-size:1.3rem!important}.layout_249 .usg_post_content_1{color:#737373!important;text-align:inherit!important;font-size:0.9rem!important;line-height:1.3!important}}@media (max-width:600px){.layout_249 .usg_post_title_1{color:var(--color-content-primary)!important;text-align:center!important;font-weight:500!important}.layout_249 .usg_post_taxonomy_1{color:var(--color-content-primary)!important;text-align:center!important;font-size:0.7rem!important}.layout_249 .usg_vwrapper_1{padding-right:0!important}.layout_249 .usg_post_image_1{width:60%!important;margin-left:4rem!important;margin-bottom:1rem!important}.layout_249 .usg_post_taxonomy_2{text-align:center!important;font-size:1.3rem!important}.layout_249 .usg_hwrapper_1{margin-bottom:2rem!important}.layout_249 .usg_post_content_1{color:#737373!important;text-align:center!important;font-size:0.9rem!important;line-height:1.3!important;padding-left:2rem!important;padding-right:2rem!important}}<\/style><div class=\"w-grid-list\">\t<article class=\"w-grid-item us_animate_afb size_1x1 post-5439 us_portfolio type-us_portfolio status-publish has-post-thumbnail hentry us_portfolio_category-bombas-calor-acs\" data-id=\"5439\" style=\"animation-delay:0s\">\r\n\t\t<div class=\"w-grid-item-h\">\r\n\t\t\t\t\t\t<div class=\"w-post-elm post_image usg_post_image_1 has_width\"><a href=\"https:\/\/fagorcomfortsolutions.es\/pt-pt\/productos\/aero-acs\/\" aria-label=\"Aero ACS\"><img fetchpriority=\"high\" decoding=\"async\" width=\"703\" height=\"909\" src=\"https:\/\/fagorcomfortsolutions.es\/wp-content\/uploads\/2026\/01\/Aero_ACS_100_WEB.png\" class=\"attachment-full size-full wp-post-image\" alt=\"\" srcset=\"https:\/\/fagorcomfortsolutions.es\/wp-content\/uploads\/2026\/01\/Aero_ACS_100_WEB.png 703w, https:\/\/fagorcomfortsolutions.es\/wp-content\/uploads\/2026\/01\/Aero_ACS_100_WEB-232x300.png 232w\" sizes=\"(max-width: 703px) 100vw, 703px\" \/><\/a><\/div><div class=\"w-vwrapper usg_vwrapper_1\" style=\"--vwrapper-gap:1.5rem\"><div class=\"w-vwrapper usg_vwrapper_2\" style=\"--vwrapper-gap:0rem\"><div class=\"w-post-elm post_taxonomy usg_post_taxonomy_2 style_simple color_link_inherit\"><span class=\"term-57 term-bombas-calor-acs\">Bombas de calor ACS<\/span><\/div><h3 class=\"w-post-elm post_title usg_post_title_1 has_text_color entry-title color_link_inherit\"><a href=\"https:\/\/fagorcomfortsolutions.es\/pt-pt\/productos\/aero-acs\/\">Aero ACS<\/a><\/h3><\/div><div class=\"w-vwrapper usg_vwrapper_4\" style=\"--vwrapper-gap:1rem\"><div class=\"w-post-elm post_content usg_post_content_1 has_text_color\"><p>Bomba de calor de parede, eficiente e compacta, para \u00e1gua quente sanit\u00e1ria. Aproveita a energia do ar para maior economia e sustentabilidade na produ\u00e7\u00e3o de \u00e1gua quente.<\/p>\n<\/div><div class=\"w-hwrapper usg_hwrapper_1 default_align_none laptops_align_none tablets_align_none mobiles_align_center\"><a class=\"w-btn us-btn-style_5 usg_btn_1\" href=\"https:\/\/fagorcomfortsolutions.es\/pt-pt\/productos\/aero-acs\/\"><span class=\"w-btn-label\">Mais informa\u00e7\u00f5es<\/span><\/a><\/div><\/div><\/div>\t\t<\/div>\r\n\t\t\t<\/article>\r\n\t<article class=\"w-grid-item us_animate_afb size_1x1 post-5443 us_portfolio type-us_portfolio status-publish has-post-thumbnail hentry us_portfolio_category-bombas-calor-acs\" data-id=\"5443\" style=\"animation-delay:0.1s\">\r\n\t\t<div class=\"w-grid-item-h\">\r\n\t\t\t\t\t\t<div class=\"w-post-elm post_image usg_post_image_1 has_width\"><a href=\"https:\/\/fagorcomfortsolutions.es\/pt-pt\/productos\/piso-aero-acs\/\" aria-label=\"Piso Aero ACS\"><img decoding=\"async\" width=\"703\" height=\"909\" src=\"https:\/\/fagorcomfortsolutions.es\/wp-content\/uploads\/2025\/03\/28_aerotermo-aero-acs-suelo.jpg\" class=\"attachment-full size-full wp-post-image\" alt=\"Bomba de calor Aero ACS Suelo\" srcset=\"https:\/\/fagorcomfortsolutions.es\/wp-content\/uploads\/2025\/03\/28_aerotermo-aero-acs-suelo.jpg 703w, https:\/\/fagorcomfortsolutions.es\/wp-content\/uploads\/2025\/03\/28_aerotermo-aero-acs-suelo-232x300.jpg 232w\" sizes=\"(max-width: 703px) 100vw, 703px\" \/><\/a><\/div><div class=\"w-vwrapper usg_vwrapper_1\" style=\"--vwrapper-gap:1.5rem\"><div class=\"w-vwrapper usg_vwrapper_2\" style=\"--vwrapper-gap:0rem\"><div class=\"w-post-elm post_taxonomy usg_post_taxonomy_2 style_simple color_link_inherit\"><span class=\"term-57 term-bombas-calor-acs\">Bombas de calor ACS<\/span><\/div><h3 class=\"w-post-elm post_title usg_post_title_1 has_text_color entry-title color_link_inherit\"><a href=\"https:\/\/fagorcomfortsolutions.es\/pt-pt\/productos\/piso-aero-acs\/\">Piso Aero ACS<\/a><\/h3><\/div><div class=\"w-vwrapper usg_vwrapper_4\" style=\"--vwrapper-gap:1rem\"><div class=\"w-post-elm post_content usg_post_content_1 has_text_color\"><p>Bomba de calor de piso para \u00e1gua quente sanit\u00e1ria, com maior capacidade e efici\u00eancia. Projetada para alto desempenho e \u00f3tima economia de energia.<\/p>\n<\/div><div class=\"w-hwrapper usg_hwrapper_1 default_align_none laptops_align_none tablets_align_none mobiles_align_center\"><a class=\"w-btn us-btn-style_5 usg_btn_1\" href=\"https:\/\/fagorcomfortsolutions.es\/pt-pt\/productos\/piso-aero-acs\/\"><span class=\"w-btn-label\">Mais informa\u00e7\u00f5es<\/span><\/a><\/div><\/div><\/div>\t\t<\/div>\r\n\t\t\t<\/article>\r\n\t<article class=\"w-grid-item us_animate_afb size_1x1 post-5445 us_portfolio type-us_portfolio status-publish has-post-thumbnail hentry us_portfolio_category-bombas-calor-acs\" data-id=\"5445\" style=\"animation-delay:0.2s\">\r\n\t\t<div class=\"w-grid-item-h\">\r\n\t\t\t\t\t\t<div class=\"w-post-elm post_image usg_post_image_1 has_width\"><a href=\"https:\/\/fagorcomfortsolutions.es\/pt-pt\/productos\/aero-acs-inox\/\" aria-label=\"Aero ACS Inox\"><img decoding=\"async\" width=\"703\" height=\"909\" src=\"https:\/\/fagorcomfortsolutions.es\/wp-content\/uploads\/2025\/03\/29_aerotermo-aero-acs-inox.jpg\" class=\"attachment-full size-full wp-post-image\" alt=\"Aerotermo Aero ACS Inox Fagor\" srcset=\"https:\/\/fagorcomfortsolutions.es\/wp-content\/uploads\/2025\/03\/29_aerotermo-aero-acs-inox.jpg 703w, https:\/\/fagorcomfortsolutions.es\/wp-content\/uploads\/2025\/03\/29_aerotermo-aero-acs-inox-232x300.jpg 232w\" sizes=\"(max-width: 703px) 100vw, 703px\" \/><\/a><\/div><div class=\"w-vwrapper usg_vwrapper_1\" style=\"--vwrapper-gap:1.5rem\"><div class=\"w-vwrapper usg_vwrapper_2\" style=\"--vwrapper-gap:0rem\"><div class=\"w-post-elm post_taxonomy usg_post_taxonomy_2 style_simple color_link_inherit\"><span class=\"term-57 term-bombas-calor-acs\">Bombas de calor ACS<\/span><\/div><h3 class=\"w-post-elm post_title usg_post_title_1 has_text_color entry-title color_link_inherit\"><a href=\"https:\/\/fagorcomfortsolutions.es\/pt-pt\/productos\/aero-acs-inox\/\">Aero ACS Inox<\/a><\/h3><\/div><div class=\"w-vwrapper usg_vwrapper_4\" style=\"--vwrapper-gap:1rem\"><div class=\"w-post-elm post_content usg_post_content_1 has_text_color\"><p>Bomba de calor para AQS com reservat\u00f3rio de a\u00e7o inoxid\u00e1vel, m\u00e1xima durabilidade e livre de manuten\u00e7\u00e3o. Efici\u00eancia e durabilidade para um fornecimento confi\u00e1vel de \u00e1gua quente.<\/p>\n<\/div><div class=\"w-hwrapper usg_hwrapper_1 default_align_none laptops_align_none tablets_align_none mobiles_align_center\"><a class=\"w-btn us-btn-style_5 usg_btn_1\" href=\"https:\/\/fagorcomfortsolutions.es\/pt-pt\/productos\/aero-acs-inox\/\"><span class=\"w-btn-label\">Mais informa\u00e7\u00f5es<\/span><\/a><\/div><\/div><\/div>\t\t<\/div>\r\n\t\t\t<\/article>\r\n<\/div><div class=\"w-grid-preloader\">\t<div class=\"g-preloader type_4\">\r\n\t\t<div><\/div>\r\n\t<\/div>\r\n\t<\/div>\t<div class=\"w-grid-json hidden\" onclick='return {&quot;action&quot;:&quot;us_ajax_grid&quot;,&quot;infinite_scroll&quot;:0,&quot;max_num_pages&quot;:1,&quot;pagination&quot;:&quot;none&quot;,&quot;template_vars&quot;:{&quot;columns&quot;:&quot;3&quot;,&quot;exclude_items&quot;:&quot;none&quot;,&quot;img_size&quot;:&quot;default&quot;,&quot;ignore_items_size&quot;:0,&quot;items_layout&quot;:&quot;249&quot;,&quot;items_offset&quot;:&quot;1&quot;,&quot;load_animation&quot;:&quot;afb&quot;,&quot;overriding_link&quot;:&quot;%7B%22url%22%3A%22%22%7D&quot;,&quot;post_id&quot;:0,&quot;query_args&quot;:{&quot;post_type&quot;:[&quot;us_portfolio&quot;],&quot;tax_query&quot;:[{&quot;taxonomy&quot;:&quot;us_portfolio_category&quot;,&quot;field&quot;:&quot;slug&quot;,&quot;terms&quot;:[&quot;aerotermos&quot;]}],&quot;post_status&quot;:[&quot;publish&quot;],&quot;posts_per_page&quot;:999},&quot;orderby_query_args&quot;:{&quot;orderby&quot;:{&quot;date&quot;:&quot;ASC&quot;}},&quot;type&quot;:&quot;grid&quot;,&quot;us_grid_post_type&quot;:&quot;us_portfolio&quot;,&quot;us_grid_ajax_index&quot;:1,&quot;us_grid_filter_query_string&quot;:null,&quot;us_grid_index&quot;:1,&quot;page_args&quot;:[],&quot;lang&quot;:&quot;pt-pt&quot;}}'><\/div>\r\n\t<\/div><\/div><\/div><div class=\"wpb_column vc_column_container\"><div class=\"vc_column-inner\"><\/div><\/div><\/div><\/div><\/section>\n","protected":false},"excerpt":{"rendered":"Bomba de calor AERO ACS INOX Sistema\u00a0de A\u00e7o Inoxid\u00e1vel Compatibilidade com\u00a0energia fotovoltaica Eletr\u00f3nica\u00a0ajust\u00e1vel Fun\u00e7\u00e3o\u00a0anti-legionella Refrigerante natural\u00a0R290 5 anos\u00a0de garantia TOTAL ico-inox-1 ico-290-1 ico-fotovoltaica-1 ico-wifi-1 ico-virus-1 ico-r290-1 ico-5anos MODELOS Aero ACS INOX-160 SAero ACS INOX-200 SAero ACS INOX-260 SAero ACS INOX-160 S CARACTER\u00cdSTICAS T\u00c9CNICAS Efici\u00eancia ACS Perfil de carga L Tipo de g\u00e1s refrigerante R290 Capacidade...","protected":false},"author":1,"featured_media":5141,"parent":0,"menu_order":3,"comment_status":"closed","ping_status":"closed","template":"","meta":{"footnotes":""},"class_list":["post-5289","page","type-page","status-publish","has-post-thumbnail","hentry"],"_links":{"self":[{"href":"https:\/\/fagorcomfortsolutions.es\/pt-pt\/wp-json\/wp\/v2\/pages\/5289","targetHints":{"allow":["GET"]}}],"collection":[{"href":"https:\/\/fagorcomfortsolutions.es\/pt-pt\/wp-json\/wp\/v2\/pages"}],"about":[{"href":"https:\/\/fagorcomfortsolutions.es\/pt-pt\/wp-json\/wp\/v2\/types\/page"}],"author":[{"embeddable":true,"href":"https:\/\/fagorcomfortsolutions.es\/pt-pt\/wp-json\/wp\/v2\/users\/1"}],"replies":[{"embeddable":true,"href":"https:\/\/fagorcomfortsolutions.es\/pt-pt\/wp-json\/wp\/v2\/comments?post=5289"}],"version-history":[{"count":1,"href":"https:\/\/fagorcomfortsolutions.es\/pt-pt\/wp-json\/wp\/v2\/pages\/5289\/revisions"}],"predecessor-version":[{"id":5290,"href":"https:\/\/fagorcomfortsolutions.es\/pt-pt\/wp-json\/wp\/v2\/pages\/5289\/revisions\/5290"}],"wp:featuredmedia":[{"embeddable":true,"href":"https:\/\/fagorcomfortsolutions.es\/pt-pt\/wp-json\/wp\/v2\/media\/5141"}],"wp:attachment":[{"href":"https:\/\/fagorcomfortsolutions.es\/pt-pt\/wp-json\/wp\/v2\/media?parent=5289"}],"curies":[{"name":"wp","href":"https:\/\/api.w.org\/{rel}","templated":true}]}}