{"id":5291,"date":"2024-11-05T08:46:32","date_gmt":"2024-11-05T07:46:32","guid":{"rendered":"https:\/\/fagorcomfortsolutions.es\/?page_id=5291"},"modified":"2025-07-29T10:07:50","modified_gmt":"2025-07-29T08:07:50","slug":"esquentadores-a-gas","status":"publish","type":"page","link":"https:\/\/fagorcomfortsolutions.es\/pt-pt\/esquentadores-a-gas\/","title":{"rendered":"Esquentadores a g\u00e1s"},"content":{"rendered":"<section class=\"l-section wpb_row height_auto\"><div class=\"l-section-h i-cf\"><div class=\"g-cols vc_row via_grid cols_1 laptops-cols_inherit tablets-cols_inherit mobiles-cols_1 valign_top type_default stacking_default\"><div class=\"wpb_column vc_column_container\"><div class=\"vc_column-inner\"><\/div><\/div><\/div><\/div><\/section><section class=\"l-section wpb_row cabecera height_auto with_img\"><div class=\"l-section-img\" role=\"img\" data-img-width=\"1920\" data-img-height=\"900\" style=\"background-image: url(https:\/\/fagorcomfortsolutions.es\/wp-content\/uploads\/2025\/03\/fondo-cocina.jpg);background-repeat: no-repeat;\"><\/div><div class=\"l-section-overlay\" style=\"background:var(--color-content-primary)\"><\/div><div class=\"l-section-h i-cf\"><div class=\"g-cols vc_row via_grid cols_1 laptops-cols_inherit tablets-cols_inherit mobiles-cols_1 valign_top type_default stacking_default\"><div class=\"wpb_column vc_column_container\"><div class=\"vc_column-inner\"><div class=\"g-cols wpb_row via_grid cols_2 laptops-cols_inherit tablets-cols_inherit mobiles-cols_1 valign_bottom type_default stacking_default\" style=\"--gap:3rem;\"><div class=\"wpb_column vc_column_container\"><div class=\"vc_column-inner\"><div class=\"w-hwrapper valign_top align_left\"><div class=\"w-vwrapper cabecera-cont align_left valign_middle\"><div class=\"w-image imagen align_none\"><div class=\"w-image-h\"><img loading=\"lazy\" decoding=\"async\" width=\"1024\" height=\"1024\" src=\"https:\/\/fagorcomfortsolutions.es\/wp-content\/uploads\/2025\/03\/rojo.svg\" class=\"attachment-large size-large\" alt=\"\" loading=\"lazy\" \/><\/div><\/div><div class=\"wpb_text_column us_custom_6df4bc3a texto has_text_color\"><div class=\"wpb_wrapper\"><h1><strong>Esquentadores<br \/>\na g\u00e1s<\/strong><\/h1>\n<h2>Adaptado a cada necessidade<\/h2>\n<\/div><\/div><\/div><\/div><\/div><\/div><div class=\"wpb_column vc_column_container\"><div class=\"vc_column-inner\"><\/div><\/div><\/div><div class=\"g-cols wpb_row us_custom_60d0bd15 via_grid cols_2 laptops-cols_inherit tablets-cols_inherit mobiles-cols_1 valign_bottom type_default stacking_default\" style=\"--gap:6rem;--laptops-gap:6rem;--tablets-gap:3rem;--mobiles-gap:0.5rem;\"><div class=\"wpb_column vc_column_container\"><div class=\"vc_column-inner\"><div class=\"w-image us_custom_15a2201b imagen-prod us_animate_this align_right\"><div class=\"w-image-h\"><img loading=\"lazy\" decoding=\"async\" width=\"1024\" height=\"680\" src=\"https:\/\/fagorcomfortsolutions.es\/wp-content\/uploads\/2025\/05\/calentadores-prod_2-1.png\" class=\"attachment-full size-full\" alt=\"Calentadores de gas Fagor\" loading=\"lazy\" srcset=\"https:\/\/fagorcomfortsolutions.es\/wp-content\/uploads\/2025\/05\/calentadores-prod_2-1.png 1024w, https:\/\/fagorcomfortsolutions.es\/wp-content\/uploads\/2025\/05\/calentadores-prod_2-1-300x199.png 300w\" sizes=\"auto, (max-width: 1024px) 100vw, 1024px\" \/><\/div><\/div><\/div><\/div><div class=\"wpb_column vc_column_container\"><div class=\"vc_column-inner\"><div class=\"w-btn-wrapper align_center\"><button class=\"w-btn us-btn-style_7 us_custom_2a9ba11a form-presupuesto us_animate_this\" onclick=\"return false\"><span class=\"w-btn-label\">Solicite um or\u00e7amento<\/span><\/button><\/div><\/div><\/div><\/div><div class=\"w-separator size_small\"><\/div><\/div><\/div><\/div><\/div><\/section><section class=\"l-section wpb_row height_large\" id=\"productos\"><div class=\"l-section-h i-cf\"><div class=\"g-cols vc_row via_grid cols_custom laptops-cols_inherit tablets-cols_inherit mobiles-cols_1 valign_top type_default stacking_default\" style=\"--custom-columns:0.5fr 5fr 0.5fr \"><div class=\"wpb_column vc_column_container\"><div class=\"vc_column-inner\"><\/div><\/div><div class=\"wpb_column vc_column_container\"><div class=\"vc_column-inner\"><div class=\"w-vwrapper align_center valign_top\" style=\"--vwrapper-gap:0.5rem\"><div class=\"wpb_text_column us_custom_6745946f has_text_color\"><div class=\"wpb_wrapper\"><h2 class=\"h1\"><strong>Descubra a nossa gama de esquentadores<\/strong><\/h2>\n<\/div><\/div><div class=\"wpb_text_column\"><div class=\"wpb_wrapper\"><h3>Encontre o que melhor se adapta \u00e0s suas necessidades<\/h3>\n<\/div><\/div><\/div><div class=\"w-grid type_grid layout_249 cols_3 with_css_animation\" id=\"us_grid_1\" style=\"--gap:1rem;\" data-filterable=\"true\"><style>@media (max-width:1024px){#us_grid_1 .w-grid-item{width:50%}}@media (max-width:600px){#us_grid_1 .w-grid-list{margin:0}#us_grid_1 .w-grid-item{width:100%;padding:0;margin-bottom:var(--gap,0px)}}.layout_249 .w-grid-item-h{}.layout_249 .usg_post_title_1{color:var(--color-content-primary)!important;text-align:inherit!important;font-weight:500!important}.layout_249 .usg_post_taxonomy_1{color:var(--color-content-primary)!important;text-align:inherit!important;font-size:0.7rem!important}.layout_249 .usg_vwrapper_1{padding-right:10%!important}.layout_249 .usg_post_image_1{width:80%!important;margin-bottom:1rem!important}.layout_249 .usg_post_taxonomy_2{text-align:inherit!important;font-size:1.3rem!important}.layout_249 .usg_vwrapper_2{margin-bottom:1rem!important}.layout_249 .usg_post_content_1{color:#737373!important;text-align:inherit!important;font-size:0.9rem!important;line-height:1.3!important}@media (min-width:1025px) and (max-width:1380px){.layout_249 .usg_post_title_1{color:var(--color-content-primary)!important;text-align:inherit!important;font-weight:500!important}.layout_249 .usg_post_taxonomy_1{color:var(--color-content-primary)!important;text-align:inherit!important;font-size:0.7rem!important}.layout_249 .usg_vwrapper_1{padding-right:10%!important}.layout_249 .usg_post_image_1{width:80%!important;margin-bottom:1rem!important}.layout_249 .usg_post_taxonomy_2{text-align:inherit!important;font-size:1.3rem!important}.layout_249 .usg_post_content_1{color:#737373!important;text-align:inherit!important;font-size:0.9rem!important;line-height:1.3!important}}@media (min-width:601px) and (max-width:1024px){.layout_249 .usg_post_title_1{color:var(--color-content-primary)!important;text-align:inherit!important;font-weight:500!important}.layout_249 .usg_post_taxonomy_1{color:var(--color-content-primary)!important;text-align:inherit!important;font-size:0.7rem!important}.layout_249 .usg_vwrapper_1{padding-right:10%!important}.layout_249 .usg_post_image_1{width:70%!important;margin-left:0!important;margin-bottom:1rem!important}.layout_249 .usg_post_taxonomy_2{text-align:inherit!important;font-size:1.3rem!important}.layout_249 .usg_post_content_1{color:#737373!important;text-align:inherit!important;font-size:0.9rem!important;line-height:1.3!important}}@media (max-width:600px){.layout_249 .usg_post_title_1{color:var(--color-content-primary)!important;text-align:center!important;font-weight:500!important}.layout_249 .usg_post_taxonomy_1{color:var(--color-content-primary)!important;text-align:center!important;font-size:0.7rem!important}.layout_249 .usg_vwrapper_1{padding-right:0!important}.layout_249 .usg_post_image_1{width:60%!important;margin-left:4rem!important;margin-bottom:1rem!important}.layout_249 .usg_post_taxonomy_2{text-align:center!important;font-size:1.3rem!important}.layout_249 .usg_hwrapper_1{margin-bottom:2rem!important}.layout_249 .usg_post_content_1{color:#737373!important;text-align:center!important;font-size:0.9rem!important;line-height:1.3!important;padding-left:2rem!important;padding-right:2rem!important}}<\/style><div class=\"w-grid-list\">\t<article class=\"w-grid-item us_animate_afb size_1x1 post-5449 us_portfolio type-us_portfolio status-publish has-post-thumbnail hentry us_portfolio_category-esquentadores-a-gas\" data-id=\"5449\" style=\"animation-delay:0s\">\r\n\t\t<div class=\"w-grid-item-h\">\r\n\t\t\t\t\t\t<div class=\"w-post-elm post_image usg_post_image_1 has_width\"><a href=\"https:\/\/fagorcomfortsolutions.es\/pt-pt\/productos\/fee-nox-estanque\/\" aria-label=\"FEE NOX estanque\"><img fetchpriority=\"high\" decoding=\"async\" width=\"703\" height=\"909\" src=\"https:\/\/fagorcomfortsolutions.es\/wp-content\/uploads\/2025\/03\/08_calentador-fee-nox.jpg\" class=\"attachment-full size-full wp-post-image\" alt=\"Calentador Fee Nox Estanco fagor\" srcset=\"https:\/\/fagorcomfortsolutions.es\/wp-content\/uploads\/2025\/03\/08_calentador-fee-nox.jpg 703w, https:\/\/fagorcomfortsolutions.es\/wp-content\/uploads\/2025\/03\/08_calentador-fee-nox-232x300.jpg 232w\" sizes=\"(max-width: 703px) 100vw, 703px\" \/><\/a><\/div><div class=\"w-vwrapper usg_vwrapper_1\" style=\"--vwrapper-gap:1.5rem\"><div class=\"w-vwrapper usg_vwrapper_2\" style=\"--vwrapper-gap:0rem\"><div class=\"w-post-elm post_taxonomy usg_post_taxonomy_2 style_simple color_link_inherit\"><span class=\"term-60 term-esquentadores-a-gas\">Esquentadores a g\u00e1s<\/span><\/div><h3 class=\"w-post-elm post_title usg_post_title_1 has_text_color entry-title color_link_inherit\"><a href=\"https:\/\/fagorcomfortsolutions.es\/pt-pt\/productos\/fee-nox-estanque\/\">FEE NOX estanque<\/a><\/h3><\/div><div class=\"w-vwrapper usg_vwrapper_4\" style=\"--vwrapper-gap:1rem\"><div class=\"w-post-elm post_content usg_post_content_1 has_text_color\"><p>Esquentador a g\u00e1s com baixas emiss\u00f5es de NOx. Compacto e eficiente, ideal para um fornecimento cont\u00ednuo e interrupto de \u00e1gua quente.<\/p>\n<\/div><div class=\"w-hwrapper usg_hwrapper_1 default_align_none laptops_align_none tablets_align_none mobiles_align_center\"><a class=\"w-btn us-btn-style_5 usg_btn_1\" href=\"https:\/\/fagorcomfortsolutions.es\/pt-pt\/productos\/fee-nox-estanque\/\"><span class=\"w-btn-label\">Mais informa\u00e7\u00f5es<\/span><\/a><\/div><\/div><\/div>\t\t<\/div>\r\n\t\t\t<\/article>\r\n\t<article class=\"w-grid-item us_animate_afb size_1x1 post-5450 us_portfolio type-us_portfolio status-publish has-post-thumbnail hentry us_portfolio_category-esquentadores-a-gas\" data-id=\"5450\" style=\"animation-delay:0.1s\">\r\n\t\t<div class=\"w-grid-item-h\">\r\n\t\t\t\t\t\t<div class=\"w-post-elm post_image usg_post_image_1 has_width\"><a href=\"https:\/\/fagorcomfortsolutions.es\/pt-pt\/productos\/fa-nox-atmosferico\/\" aria-label=\"FA NOX atmosf\u00e9rico\"><img decoding=\"async\" width=\"703\" height=\"909\" src=\"https:\/\/fagorcomfortsolutions.es\/wp-content\/uploads\/2025\/03\/10_calentador-fa-nox.jpg\" class=\"attachment-full size-full wp-post-image\" alt=\"Calentador Fa Nox Atmosf\u00e9rico Fagor\" srcset=\"https:\/\/fagorcomfortsolutions.es\/wp-content\/uploads\/2025\/03\/10_calentador-fa-nox.jpg 703w, https:\/\/fagorcomfortsolutions.es\/wp-content\/uploads\/2025\/03\/10_calentador-fa-nox-232x300.jpg 232w\" sizes=\"(max-width: 703px) 100vw, 703px\" \/><\/a><\/div><div class=\"w-vwrapper usg_vwrapper_1\" style=\"--vwrapper-gap:1.5rem\"><div class=\"w-vwrapper usg_vwrapper_2\" style=\"--vwrapper-gap:0rem\"><div class=\"w-post-elm post_taxonomy usg_post_taxonomy_2 style_simple color_link_inherit\"><span class=\"term-60 term-esquentadores-a-gas\">Esquentadores a g\u00e1s<\/span><\/div><h3 class=\"w-post-elm post_title usg_post_title_1 has_text_color entry-title color_link_inherit\"><a href=\"https:\/\/fagorcomfortsolutions.es\/pt-pt\/productos\/fa-nox-atmosferico\/\">FA NOX atmosf\u00e9rico<\/a><\/h3><\/div><div class=\"w-vwrapper usg_vwrapper_4\" style=\"--vwrapper-gap:1rem\"><div class=\"w-post-elm post_content usg_post_content_1 has_text_color\"><p>Aquecedor a g\u00e1s atmosf\u00e9rico com baixas emiss\u00f5es de NOx. Design simples e eficaz para um fornecimento de \u00e1gua quente econ\u00f4mico e confi\u00e1vel.<\/p>\n<\/div><div class=\"w-hwrapper usg_hwrapper_1 default_align_none laptops_align_none tablets_align_none mobiles_align_center\"><a class=\"w-btn us-btn-style_5 usg_btn_1\" href=\"https:\/\/fagorcomfortsolutions.es\/pt-pt\/productos\/fa-nox-atmosferico\/\"><span class=\"w-btn-label\">Mais informa\u00e7\u00f5es<\/span><\/a><\/div><\/div><\/div>\t\t<\/div>\r\n\t\t\t<\/article>\r\n\t<article class=\"w-grid-item us_animate_afb size_1x1 post-5451 us_portfolio type-us_portfolio status-publish has-post-thumbnail hentry us_portfolio_category-esquentadores-a-gas\" data-id=\"5451\" style=\"animation-delay:0.2s\">\r\n\t\t<div class=\"w-grid-item-h\">\r\n\t\t\t\t\t\t<div class=\"w-post-elm post_image usg_post_image_1 has_width\"><a href=\"https:\/\/fagorcomfortsolutions.es\/pt-pt\/productos\/fat-nox-atmosferico\/\" aria-label=\"FAT NOX atmosf\u00e9rico\"><img decoding=\"async\" width=\"703\" height=\"909\" src=\"https:\/\/fagorcomfortsolutions.es\/wp-content\/uploads\/2025\/05\/FAGOR-thermostatic-11L-20240914-3.jpg\" class=\"attachment-full size-full wp-post-image\" alt=\"Clentador Fat NOX atm\u00f3sferico Fagor\" srcset=\"https:\/\/fagorcomfortsolutions.es\/wp-content\/uploads\/2025\/05\/FAGOR-thermostatic-11L-20240914-3.jpg 703w, https:\/\/fagorcomfortsolutions.es\/wp-content\/uploads\/2025\/05\/FAGOR-thermostatic-11L-20240914-3-232x300.jpg 232w\" sizes=\"(max-width: 703px) 100vw, 703px\" \/><\/a><\/div><div class=\"w-vwrapper usg_vwrapper_1\" style=\"--vwrapper-gap:1.5rem\"><div class=\"w-vwrapper usg_vwrapper_2\" style=\"--vwrapper-gap:0rem\"><div class=\"w-post-elm post_taxonomy usg_post_taxonomy_2 style_simple color_link_inherit\"><span class=\"term-60 term-esquentadores-a-gas\">Esquentadores a g\u00e1s<\/span><\/div><h3 class=\"w-post-elm post_title usg_post_title_1 has_text_color entry-title color_link_inherit\"><a href=\"https:\/\/fagorcomfortsolutions.es\/pt-pt\/productos\/fat-nox-atmosferico\/\">FAT NOX atmosf\u00e9rico<\/a><\/h3><\/div><div class=\"w-vwrapper usg_vwrapper_4\" style=\"--vwrapper-gap:1rem\"><div class=\"w-post-elm post_content usg_post_content_1 has_text_color\"><p>Esquentador a g\u00e1s atmosf\u00e9rico termost\u00e1tico com baixas emiss\u00f5es de NOx. Sistema termost\u00e1tico para maior controle de temperatura e efici\u00eancia no consumo de g\u00e1s.<\/p>\n<\/div><div class=\"w-hwrapper usg_hwrapper_1 default_align_none laptops_align_none tablets_align_none mobiles_align_center\"><a class=\"w-btn us-btn-style_5 usg_btn_1\" href=\"https:\/\/fagorcomfortsolutions.es\/pt-pt\/productos\/fat-nox-atmosferico\/\"><span class=\"w-btn-label\">Mais informa\u00e7\u00f5es<\/span><\/a><\/div><\/div><\/div>\t\t<\/div>\r\n\t\t\t<\/article>\r\n<\/div><div class=\"w-grid-preloader\">\t<div class=\"g-preloader type_4\">\r\n\t\t<div><\/div>\r\n\t<\/div>\r\n\t<\/div>\t<div class=\"w-grid-json hidden\" onclick='return {&quot;action&quot;:&quot;us_ajax_grid&quot;,&quot;infinite_scroll&quot;:0,&quot;max_num_pages&quot;:1,&quot;pagination&quot;:&quot;none&quot;,&quot;template_vars&quot;:{&quot;columns&quot;:&quot;3&quot;,&quot;exclude_items&quot;:&quot;none&quot;,&quot;img_size&quot;:&quot;default&quot;,&quot;ignore_items_size&quot;:0,&quot;items_layout&quot;:&quot;249&quot;,&quot;items_offset&quot;:&quot;1&quot;,&quot;load_animation&quot;:&quot;afb&quot;,&quot;overriding_link&quot;:&quot;%7B%22url%22%3A%22%22%7D&quot;,&quot;post_id&quot;:0,&quot;query_args&quot;:{&quot;post_type&quot;:[&quot;us_portfolio&quot;],&quot;tax_query&quot;:[{&quot;taxonomy&quot;:&quot;us_portfolio_category&quot;,&quot;field&quot;:&quot;slug&quot;,&quot;terms&quot;:[&quot;calentadores-de-gas&quot;]}],&quot;post_status&quot;:[&quot;publish&quot;],&quot;posts_per_page&quot;:999},&quot;orderby_query_args&quot;:{&quot;orderby&quot;:{&quot;date&quot;:&quot;ASC&quot;}},&quot;type&quot;:&quot;grid&quot;,&quot;us_grid_post_type&quot;:&quot;us_portfolio&quot;,&quot;us_grid_ajax_index&quot;:1,&quot;us_grid_filter_query_string&quot;:null,&quot;us_grid_index&quot;:1,&quot;page_args&quot;:[],&quot;lang&quot;:&quot;pt-pt&quot;}}'><\/div>\r\n\t<\/div><\/div><\/div><div class=\"wpb_column vc_column_container\"><div class=\"vc_column-inner\"><\/div><\/div><\/div><\/div><\/section><section class=\"l-section wpb_row height_auto\"><div class=\"l-section-h i-cf\"><div class=\"g-cols vc_row via_grid cols_1 laptops-cols_inherit tablets-cols_inherit mobiles-cols_1 valign_top type_default stacking_default\"><div class=\"wpb_column vc_column_container\"><div class=\"vc_column-inner\"><div class=\"g-cols wpb_row us_custom_022486e1 banner banner2 via_grid cols_2 laptops-cols_inherit tablets-cols_inherit mobiles-cols_1 valign_top type_default stacking_default\" style=\"--gap:3rem;\"><div class=\"wpb_column vc_column_container abajo\"><div class=\"vc_column-inner\"><div class=\"w-btn-wrapper align_center\"><button class=\"w-btn us-btn-style_7 us_custom_ef5b5acf form-informacion us_animate_this\" onclick=\"return false\"><span class=\"w-btn-label\">Solicite informa\u00e7\u00f5es<\/span><\/button><\/div><\/div><\/div><div class=\"wpb_column vc_column_container\"><div class=\"vc_column-inner\"><div class=\"w-hwrapper valign_top align_right\"><div class=\"w-vwrapper banner-cont align_right valign_middle\"><div class=\"w-image imagen align_none\"><div class=\"w-image-h\"><img loading=\"lazy\" decoding=\"async\" width=\"1024\" height=\"1024\" src=\"https:\/\/fagorcomfortsolutions.es\/wp-content\/uploads\/2025\/03\/rojo.svg\" class=\"attachment-large size-large\" alt=\"\" loading=\"lazy\" \/><\/div><\/div><div class=\"wpb_text_column us_custom_6df4bc3a texto has_text_color\"><div class=\"wpb_wrapper\"><h2><strong>Adaptado a v\u00e1rios<br \/>\ntipos de g\u00e1s<\/strong><\/h2>\n<h3>G\u00e1s natural, g\u00e1s butano<br \/>\ne g\u00e1s propano<\/h3>\n<\/div><\/div><\/div><\/div><\/div><\/div><\/div><div class=\"w-separator size_large\"><\/div><\/div><\/div><\/div><\/div><\/section>\n","protected":false},"excerpt":{"rendered":"Esquentadores a g\u00e1s Fat Nox Atmosf\u00e9rico Tipo de g\u00e1s:\u00a0g\u00e1s natural, g\u00e1s butano\/propano Baixo\u00a0NOX Queimador exclusivo\u00a0refrigerado a \u00e1gua. Ventilador\u00a0modulante Controle termost\u00e1tico para sele\u00e7\u00e3o de temperatura Faixa de temperatura: entre\u00a035\u00b0C e 65\u00b0C Fun\u00e7\u00e3o ECO para ajuste autom\u00e1tico da temperatura para 40\u00baC Liga\u00e7\u00e3o el\u00e9trica \u00e0 rede de 230 V,\u00a050 Hz ico-noemisiones ico-ahorro ico-termometro MODELOS FAT-11 NOX GLPFAT-11 NOX...","protected":false},"author":1,"featured_media":5250,"parent":0,"menu_order":4,"comment_status":"closed","ping_status":"closed","template":"","meta":{"footnotes":""},"class_list":["post-5291","page","type-page","status-publish","has-post-thumbnail","hentry"],"_links":{"self":[{"href":"https:\/\/fagorcomfortsolutions.es\/pt-pt\/wp-json\/wp\/v2\/pages\/5291","targetHints":{"allow":["GET"]}}],"collection":[{"href":"https:\/\/fagorcomfortsolutions.es\/pt-pt\/wp-json\/wp\/v2\/pages"}],"about":[{"href":"https:\/\/fagorcomfortsolutions.es\/pt-pt\/wp-json\/wp\/v2\/types\/page"}],"author":[{"embeddable":true,"href":"https:\/\/fagorcomfortsolutions.es\/pt-pt\/wp-json\/wp\/v2\/users\/1"}],"replies":[{"embeddable":true,"href":"https:\/\/fagorcomfortsolutions.es\/pt-pt\/wp-json\/wp\/v2\/comments?post=5291"}],"version-history":[{"count":2,"href":"https:\/\/fagorcomfortsolutions.es\/pt-pt\/wp-json\/wp\/v2\/pages\/5291\/revisions"}],"predecessor-version":[{"id":5335,"href":"https:\/\/fagorcomfortsolutions.es\/pt-pt\/wp-json\/wp\/v2\/pages\/5291\/revisions\/5335"}],"wp:featuredmedia":[{"embeddable":true,"href":"https:\/\/fagorcomfortsolutions.es\/pt-pt\/wp-json\/wp\/v2\/media\/5250"}],"wp:attachment":[{"href":"https:\/\/fagorcomfortsolutions.es\/pt-pt\/wp-json\/wp\/v2\/media?parent=5291"}],"curies":[{"name":"wp","href":"https:\/\/api.w.org\/{rel}","templated":true}]}}