{"id":5316,"date":"2024-11-05T16:47:29","date_gmt":"2024-11-05T15:47:29","guid":{"rendered":"https:\/\/fagorcomfortsolutions.es\/?page_id=5316"},"modified":"2025-09-29T11:32:31","modified_gmt":"2025-09-29T09:32:31","slug":"contacto","status":"publish","type":"page","link":"https:\/\/fagorcomfortsolutions.es\/pt-pt\/contacto\/","title":{"rendered":"Contato"},"content":{"rendered":"<section class=\"l-section wpb_row height_large\"><div class=\"l-section-h i-cf\"><div class=\"g-cols vc_row via_grid cols_1 laptops-cols_inherit tablets-cols_inherit mobiles-cols_1 valign_top type_default stacking_default\"><div class=\"wpb_column vc_column_container\"><div class=\"vc_column-inner\"><div class=\"g-cols wpb_row us_custom_4b9db530 us_animate_this via_grid cols_2 laptops-cols_inherit tablets-cols_inherit mobiles-cols_1 valign_top type_default reversed stacking_default\" style=\"--gap:3rem;\"><div class=\"wpb_column vc_column_container\"><div class=\"vc_column-inner\"><div class=\"wpb_text_column\"><div class=\"wpb_wrapper\"><h1><strong>Contate-nos<\/strong><\/h1>\n<\/div><\/div><\/div><\/div><div class=\"wpb_column vc_column_container\"><div class=\"vc_column-inner\"><\/div><\/div><\/div><div class=\"w-separator size_small\"><\/div><div class=\"g-cols wpb_row via_grid cols_1-2 laptops-cols_inherit tablets-cols_inherit mobiles-cols_1 valign_top type_default stacking_default\" style=\"--gap:6rem;\"><div class=\"wpb_column vc_column_container\"><div class=\"vc_column-inner\"><div class=\"w-vwrapper us_custom_27b18441 has_text_color align_none valign_top\" style=\"--vwrapper-gap:0.5rem\"><div class=\"wpb_text_column\"><div class=\"wpb_wrapper\"><h3 style=\"text-align: center;\"><strong>ATENDIMENTO AO CLIENTE<\/strong><\/h3>\n<p style=\"text-align: center;\">(+34) 943 56 03 00<\/p>\n<\/div><\/div><div class=\"w-hwrapper valign_top wrap align_center\" style=\"--hwrapper-gap:0rem\"><div class=\"wpb_text_column us_custom_8535c5f4\"><div class=\"wpb_wrapper\"><p style=\"text-align: center;\">atencionalcliente@<\/p>\n<\/div><\/div><div class=\"wpb_text_column us_custom_8535c5f4\"><div class=\"wpb_wrapper\"><p style=\"text-align: center;\">fagorcomfortsolutions.com<\/p>\n<\/div><\/div><\/div><\/div><div class=\"w-separator size_small\"><\/div><div class=\"w-vwrapper us_custom_27b18441 has_text_color align_none valign_top\" style=\"--vwrapper-gap:0.5rem\"><div class=\"wpb_text_column\"><div class=\"wpb_wrapper\"><h3 style=\"text-align: center;\"><strong>CONTATO<\/strong><\/h3>\n<p style=\"text-align: center;\">FAGOR COMFORT SOLUTIONS<br \/>\nPolo de Innovaci\u00f3n Garaia. Goiru kalea 1<br \/>\n20500 Arrasate \u2013 Mondrag\u00f3n, Gipuzkoa<br \/>\nEspanha<\/p>\n<p style=\"text-align: center;\">(+34) 943 56 03 00<\/p>\n<\/div><\/div><div class=\"w-hwrapper valign_top wrap align_center\" style=\"--hwrapper-gap:0rem\"><div class=\"wpb_text_column us_custom_8535c5f4\"><div class=\"wpb_wrapper\"><p style=\"text-align: center;\">atencionalcliente@<\/p>\n<\/div><\/div><div class=\"wpb_text_column us_custom_8535c5f4\"><div class=\"wpb_wrapper\"><p style=\"text-align: center;\">fagorcomfortsolutions.com<\/p>\n<\/div><\/div><\/div><\/div><\/div><\/div><div class=\"wpb_column vc_column_container\"><div class=\"vc_column-inner\"><div class=\"wpb_text_column\"><div class=\"wpb_wrapper\"><h2><strong>Podemos ajudar em mais alguma coisa?<\/strong><\/h2>\n<\/div><\/div><div class=\"w-separator size_small\"><\/div><form class=\"w-form  layout_ver for_cform us_form_1\" autocomplete=\"off\" action=\"https:\/\/fagorcomfortsolutions.es\/pt-pt\/wp-json\/wp\/v2\/pages\/5316\" method=\"post\"><div class=\"w-form-h\"><div class=\"w-form-row for_select has_label\">\r\n\t\t\t<div class=\"w-form-row-label\">\r\n\t\t\t<span>Motivo da consulta<\/span>\r\n\t\t<\/div>\r\n\t\t<div class=\"w-form-row-field\">\r\n\t\t\t\t\t\t<select aria-label=\"Motivo da consulta\" name=\"us_form_1_select_1\">\r\n\t\t\t<option value=\"Consultoria t\u00e9cnica\">Consultoria t\u00e9cnica<\/option><option value=\"Sugest\u00f5es\">Sugest\u00f5es<\/option><option value=\"Informa\u00e7\u00f5es gerais\">Informa\u00e7\u00f5es gerais<\/option><option value=\"Or\u00e7amento\">Or\u00e7amento<\/option><option value=\"Financiamento\">Financiamento<\/option><option value=\"Newsletter\">Newsletter<\/option><option value=\"Outros\">Outros<\/option>\t\t<\/select>\r\n\t\t\t<\/div>\r\n\t\t<div class=\"w-form-row-state\">Select an option<\/div>\r\n<\/div>\r\n<div class=\"w-form-row for_text required cols_2\">\r\n\t\t<div class=\"w-form-row-field\">\r\n\t\t\t\t\t\t<input aria-label=\"Nome\" type=\"text\" name=\"us_form_1_text_1\" value placeholder=\"Nome *\" data-required=\"true\" aria-required=\"true\"\/>\r\n\t\t\t<\/div>\r\n\t\t<div class=\"w-form-row-state\">Fill out this field<\/div>\r\n<\/div>\r\n<div class=\"w-form-row for_text cols_2\">\r\n\t\t<div class=\"w-form-row-field\">\r\n\t\t\t\t\t\t<input aria-label=\"Empresa\" type=\"text\" name=\"us_form_1_text_2\" value placeholder=\"Empresa\"\/>\r\n\t\t\t<\/div>\r\n\t\t<div class=\"w-form-row-state\">Fill out this field<\/div>\r\n<\/div>\r\n<div class=\"w-form-row for_email required cols_2\">\r\n\t\t<div class=\"w-form-row-field\">\r\n\t\t\t\t\t\t<input aria-label=\"E-mail\" type=\"email\" name=\"us_form_1_email_1\" value placeholder=\"E-mail *\" data-required=\"true\" aria-required=\"true\"\/>\r\n\t\t\t<\/div>\r\n\t\t<div class=\"w-form-row-state\">Por favor insira um endere\u00e7o de email v\u00e1lido.<\/div>\r\n<\/div>\r\n<div class=\"w-form-row for_text cols_2\">\r\n\t\t<div class=\"w-form-row-field\">\r\n\t\t\t\t\t\t<input aria-label=\"Telefone\" type=\"text\" name=\"us_form_1_text_3\" value placeholder=\"Telefone\"\/>\r\n\t\t\t<\/div>\r\n\t\t<div class=\"w-form-row-state\">Fill out this field<\/div>\r\n<\/div>\r\n<div class=\"w-form-row for_textarea\">\r\n\t\t<div class=\"w-form-row-field\">\r\n\t\t\t\t\t\t<textarea aria-label=\"Assunto\" name=\"us_form_1_textarea_1\" placeholder=\"Assunto\"><\/textarea>\r\n\t\t\t<\/div>\r\n\t\t<div class=\"w-form-row-state\">Fill out this field<\/div>\r\n<\/div>\r\n<div class=\"w-form-row for_agreement required\">\r\n\t\t<div class=\"w-form-row-field\">\r\n\t\t\t\t<label>\r\n\t\t\t<input type=\"checkbox\" value=\"1\" data-required=\"true\" aria-required=\"true\" name=\"us_form_1_agreement_1\"\/>\r\n\t\t\t<span>ACEITO o tratamento dos meus dados para o envio de comunica\u00e7\u00f5es comerciais<\/span>\r\n\t\t<\/label>\r\n\t\t\t<\/div>\r\n\t\t<div class=\"w-form-row-state\">You need to agree with the terms to proceed<\/div>\r\n<\/div>\r\n<div class=\"w-form-row for_info\">\r\n\t<p><strong>INFORMA\u00c7\u00d5ES SOBRE O TRATAMENTO DOS SEUS DADOS PESSOAIS<br>     <\/strong><strong>Respons\u00e1vel pelo tratamento<\/strong> REACH THE MARKET S.L.<strong> Finalidade<\/strong>: Responder e gerir o seu pedido de or\u00e7amento e, se for o caso, enviar-lhe comunica\u00e7\u00f5es comerciais relacionadas com produtos e servi\u00e7os oferecidos pela REACH THE MARKET S.L.<strong>ela REACH THE MARKET SL Direitos e informa\u00e7\u00f5es adicionais:<\/strong> Pode consultar a forma de exercer os seus direitos e informa\u00e7\u00f5es adicionais na nossa <a href=\"https:\/\/fagorcomfortsolutions.es\/pt-pt\/politica-privacidade\/\">pol\u00edtica de privacidade<\/a>.<\/p>\r\n<\/div>\r\n<input type=\"hidden\" name=\"action\" value=\"us_ajax_cform\" \/>\r\n<input type=\"hidden\" name=\"post_id\" value=\"0\" \/>\r\n<input type=\"hidden\" name=\"form_index\" value=\"1\" \/>\r\n<div class=\"w-form-row for_submit align_none\">\r\n\t<button class=\"w-btn  us-btn-style_1\" aria-label=\"Submeter\" type=\"submit\">\r\n\t\t<span class=\"g-preloader type_1\"><\/span>\r\n\t\t\t\t<span class=\"w-btn-label\">Submeter<\/span>\r\n\t\t\t<\/button>\r\n\t<\/div>\r\n<\/div><div class=\"w-form-message\"><\/div><div class=\"w-form-json hidden\" onclick='return {&quot;ajaxurl&quot;:&quot;https:\\\/\\\/fagorcomfortsolutions.es\\\/wp-admin\\\/admin-ajax.php&quot;,&quot;messages&quot;:{&quot;err_empty&quot;:&quot;Fill out this field&quot;,&quot;err_size&quot;:&quot;File size cannot exceed %s MB&quot;,&quot;err_extension&quot;:&quot;%s file type is not allowed&quot;}}'><\/div><\/form><\/div><\/div><\/div><\/div><\/div><\/div><\/div><\/section>\n","protected":false},"excerpt":{"rendered":"Contate-nos ATENDIMENTO AO CLIENTE (+34) 943 56 03 00 atencionalcliente@ fagorcomfortsolutions.com CONTATO FAGOR COMFORT SOLUTIONS Polo de Innovaci\u00f3n Garaia. Goiru kalea 1 20500 Arrasate \u2013 Mondrag\u00f3n, Gipuzkoa Espanha (+34) 943 56 03 00 atencionalcliente@ fagorcomfortsolutions.com Podemos ajudar em mais alguma coisa? Motivo da consulta Consultoria t\u00e9cnicaSugest\u00f5esInforma\u00e7\u00f5es geraisOr\u00e7amentoFinanciamentoNewsletterOutros Select an option Fill out this field Fill...","protected":false},"author":1,"featured_media":0,"parent":0,"menu_order":12,"comment_status":"closed","ping_status":"closed","template":"","meta":{"footnotes":""},"class_list":["post-5316","page","type-page","status-publish","hentry"],"_links":{"self":[{"href":"https:\/\/fagorcomfortsolutions.es\/pt-pt\/wp-json\/wp\/v2\/pages\/5316","targetHints":{"allow":["GET"]}}],"collection":[{"href":"https:\/\/fagorcomfortsolutions.es\/pt-pt\/wp-json\/wp\/v2\/pages"}],"about":[{"href":"https:\/\/fagorcomfortsolutions.es\/pt-pt\/wp-json\/wp\/v2\/types\/page"}],"author":[{"embeddable":true,"href":"https:\/\/fagorcomfortsolutions.es\/pt-pt\/wp-json\/wp\/v2\/users\/1"}],"replies":[{"embeddable":true,"href":"https:\/\/fagorcomfortsolutions.es\/pt-pt\/wp-json\/wp\/v2\/comments?post=5316"}],"version-history":[{"count":5,"href":"https:\/\/fagorcomfortsolutions.es\/pt-pt\/wp-json\/wp\/v2\/pages\/5316\/revisions"}],"predecessor-version":[{"id":5494,"href":"https:\/\/fagorcomfortsolutions.es\/pt-pt\/wp-json\/wp\/v2\/pages\/5316\/revisions\/5494"}],"wp:attachment":[{"href":"https:\/\/fagorcomfortsolutions.es\/pt-pt\/wp-json\/wp\/v2\/media?parent=5316"}],"curies":[{"name":"wp","href":"https:\/\/api.w.org\/{rel}","templated":true}]}}