{"id":5320,"date":"2024-11-09T11:17:01","date_gmt":"2024-11-09T10:17:01","guid":{"rendered":"https:\/\/fagorcomfortsolutions.es\/?page_id=5320"},"modified":"2025-07-27T20:48:15","modified_gmt":"2025-07-27T18:48:15","slug":"politica-cookies","status":"publish","type":"page","link":"https:\/\/fagorcomfortsolutions.es\/pt-pt\/politica-cookies\/","title":{"rendered":"Pol\u00edtica cookies"},"content":{"rendered":"<section class=\"l-section wpb_row height_large\"><div class=\"l-section-h i-cf\"><div class=\"g-cols vc_row via_grid cols_1 laptops-cols_inherit tablets-cols_inherit mobiles-cols_1 valign_top type_default stacking_default\"><div class=\"wpb_column vc_column_container\"><div class=\"vc_column-inner\"><div class=\"wpb_text_column\"><div class=\"wpb_wrapper\"><h1>Pol\u00edtica de COOKIES<\/h1>\n<\/div><\/div><div class=\"w-separator size_small\"><\/div><div class=\"wpb_text_column\"><div class=\"wpb_wrapper\"><p><b>O que \u00e9 um cookie e para que ele serve?<\/b><\/p>\n<p><span>Este site utiliza cookies e\/ou tecnologias semelhantes que armazenam e recuperam informa\u00e7\u00f5es durante a navega\u00e7\u00e3o. Em geral, essas tecnologias podem servir a uma ampla variedade de prop\u00f3sitos, como reconhecer o clinte, obter informa\u00e7\u00f5es sobre h\u00e1bitos de navega\u00e7\u00e3o ou personalizar a forma como o conte\u00fado \u00e9 exibido. Os usos espec\u00edficos que a REACH THE MARKET SL (doravante, RTM) faz dessas tecnologias s\u00e3o descritos nesta pol\u00edtica.<\/span><\/p>\n<p><span>Em conformidade com a legisla\u00e7\u00e3o vigente, a RTM solicita o seu consentimento para a utiliza\u00e7\u00e3o destes cookies. Se concordar com a sua utiliza\u00e7\u00e3o, clique em &#8220;aceitar&#8221; no banner. Se n\u00e3o desejar aceitar a sua utiliza\u00e7\u00e3o, clique em &#8220;rejeitar&#8221; ou configure os cookies que pretende aceitar e selecione &#8220;Aceitar os cookies selecionados e sair&#8221; no painel de defini\u00e7\u00f5es.<\/span><\/p>\n<p><b>Que tipo de cookies usamos em nosso site?<\/b><\/p>\n<p><span>Dependendo da entidade que gere o cookie:<\/span><\/p>\n<ul>\n<li aria-level=\"1\"><b>Cookies prim\u00e1rios<\/b><span>\u00a0: aqueles que enviamos do nosso dom\u00ednio para o seu dispositivo para fornecer o servi\u00e7o que oferecemos.<\/span><\/li>\n<li aria-level=\"1\"><b>Cookies de terceiros<\/b><span>\u00a0: S\u00e3o cookies pelos quais uma entidade terceira, diferente do editor, \u00e9 respons\u00e1vel e que geralmente s\u00e3o enviados ao dispositivo do usu\u00e1rio a partir de um computador ou dom\u00ednio n\u00e3o gerenciado pelo editor, mas por outra entidade que processa os dados obtidos por meio dos cookies. Especificamente, o site carrega cookies do Google Analytics.<\/span><\/li>\n<\/ul>\n<p><span>Dependendo do tempo em que permanecem ativos:<\/span><\/p>\n<ul>\n<li aria-level=\"1\"><b>Cookies de sess\u00e3o<\/b><span>\u00a0: S\u00e3o um tipo de cookies projetados para coletar e armazenar dados enquanto o cliente acede a um site.<\/span><\/li>\n<li aria-level=\"1\"><b>Cookies persistentes<\/b><span>\u00a0: s\u00e3o cookies em que os dados permanecem armazenados no dispositivo e podem ser acedidos <\/span><span>\u200b\u200b<\/span><span>e processados <\/span><span>\u200b\u200b<\/span><span>por um per\u00edodo definido pelo controlador do cookie, que pode variar de alguns minutos a v\u00e1rios anos.<\/span><\/li>\n<\/ul>\n<p><span>De acordo com sua finalidade:<\/span><\/p>\n<ul>\n<li aria-level=\"1\"><b>Cookies t\u00e9cnicos<\/b><span>\u00a0: S\u00e3o aqueles que permitem ao utilizador a navega\u00e7\u00e3o atrav\u00e9s de uma p\u00e1gina web, plataforma ou aplica\u00e7\u00e3o e a utiliza\u00e7\u00e3o das diferentes op\u00e7\u00f5es ou servi\u00e7os que nela existam como, por exemplo, controlar o tr\u00e1fego e a comunica\u00e7\u00e3o de dados, identificar a sess\u00e3o, aceder a sec\u00e7\u00f5es de acesso restrito, recordar os elementos que integram um pedido, realizar o processo de compra de um pedido, realizar o pedido de inscri\u00e7\u00e3o ou participa\u00e7\u00e3o num evento, utilizar elementos de seguran\u00e7a durante a navega\u00e7\u00e3o, armazenar conte\u00fados para a difus\u00e3o de v\u00eddeos ou som ou partilhar conte\u00fados atrav\u00e9s das redes sociais.<\/span><\/li>\n<\/ul>\n<ul>\n<li aria-level=\"1\"><b>Cookies de prefer\u00eancia ou personaliza\u00e7\u00e3o:<\/b><span>\u00a0S\u00e3o aqueles que permitem armazenar informa\u00e7\u00f5es para que o cliente aceda ao servi\u00e7o com determinadas caracter\u00edsticas que podem diferenciar sua experi\u00eancia da de outros clientes, como, por exemplo, o idioma, a quantidade de resultados mostrados quando o cliente realiza uma pesquisa, a apar\u00eancia ou conte\u00fado do servi\u00e7o em fun\u00e7\u00e3o do tipo de navegador pelo qual o cliente acede ao servi\u00e7o ou da regi\u00e3o desde a qual acede ao servi\u00e7o, etc.<\/span><\/li>\n<\/ul>\n<ul>\n<li aria-level=\"1\"><b>Cookies de an\u00e1lise ou medi\u00e7\u00e3o:<\/b><span>\u00a0Estes cookies permitem ao propriet\u00e1rio do website monitorizar e analisar o comportamento dos utilizadores dos websites aos quais est\u00e3o vinculados, incluindo a quantifica\u00e7\u00e3o do impacto dos an\u00fancios. As informa\u00e7\u00f5es recolhidas atrav\u00e9s deste tipo de cookies s\u00e3o utilizadas para medir a atividade do website, aplica\u00e7\u00e3o ou plataforma, a fim de introduzir melhorias com base na an\u00e1lise dos dados sobre a utiliza\u00e7\u00e3o do servi\u00e7o pelos utilizadores. Especificamente, o nosso website utiliza cookies do Google Analytics.<\/span><\/li>\n<\/ul>\n<p><b>Cookies de publicidade comportamental:<\/b><span>\u00a0Esses cookies armazenam informa\u00e7\u00f5es sobre o comportamento do usu\u00e1rio, obtidas por meio do monitoramento cont\u00ednuo de seus h\u00e1bitos de navega\u00e7\u00e3o. Isso permite o desenvolvimento de um perfil espec\u00edfico para exibir an\u00fancios com base nesse perfil.<\/span><\/p>\n<p>&nbsp;<\/p>\n<\/div><\/div><div class=\"w-separator size_small\"><\/div><div class=\"wpb_text_column\"><div class=\"wpb_wrapper\"><div id=\"cmplz-cookies-overview\"><\/div>\n<\/div><\/div><div class=\"w-separator size_small\"><\/div><div class=\"wpb_text_column\"><div class=\"wpb_wrapper\"><p><b>Como pode habilitar\/desabilitar cookies?<\/b><\/p>\n<p><span>Ao aceder nosso site, ter\u00e1 um aviso ou banner sobre cookies, informando como pode dar ou recusar o seu consentimento para a instala\u00e7\u00e3o de cookies, e ter\u00e1 um painel de configura\u00e7\u00e3o para essa finalidade. Voc\u00ea pode reconfigur\u00e1-lo<\/span> <a class=\"cmplz-show-banner\"><strong>AQUI<\/strong><\/a><\/p>\n<p><b>Responsabilidade<\/b><\/p>\n<p><b>A RTM<\/b><span>\u00a0n\u00e3o \u00e9 respons\u00e1vel pelo conte\u00fado ou precis\u00e3o das pol\u00edticas de privacidade de organiza\u00e7\u00f5es terceirizadas que possam ser mencionadas nesta pol\u00edtica de cookies.<\/span><\/p>\n<p><span>Voc\u00ea pode saber mais sobre transfer\u00eancias internacionais para pa\u00edses terceiros que, quando aplic\u00e1vel, s\u00e3o feitas por terceiros identificados nesta pol\u00edtica de cookies em suas pol\u00edticas correspondentes.<\/span><\/p>\n<p><b>Atualiza\u00e7\u00e3o da nossa pol\u00edtica de cookies<\/b><\/p>\n<p><span>Este site poder\u00e1 modificar a presente pol\u00edtica quando se produzam altera\u00e7\u00f5es (i) derivadas da finalidade ou tipologia dos cookies ou (ii) que possam afetar a utiliza\u00e7\u00e3o dos cookies, em consequ\u00eancia de exig\u00eancias legislativas ou regulamentares, ou com a finalidade de adaptar a referida pol\u00edtica \u00e0s instru\u00e7\u00f5es emitidas pela Ag\u00eancia Espanhola de Prote\u00e7\u00e3o de Dados.<\/span><\/p>\n<\/div><\/div><\/div><\/div><\/div><\/div><\/section>\n","protected":false},"excerpt":{"rendered":"Pol\u00edtica de COOKIES O que \u00e9 um cookie e para que ele serve? Este site utiliza cookies e\/ou tecnologias semelhantes que armazenam e recuperam informa\u00e7\u00f5es durante a navega\u00e7\u00e3o. Em geral, essas tecnologias podem servir a uma ampla variedade de prop\u00f3sitos, como reconhecer o clinte, obter informa\u00e7\u00f5es sobre h\u00e1bitos de navega\u00e7\u00e3o ou personalizar a forma como...","protected":false},"author":1,"featured_media":0,"parent":0,"menu_order":21,"comment_status":"closed","ping_status":"closed","template":"","meta":{"footnotes":""},"class_list":["post-5320","page","type-page","status-publish","hentry"],"_links":{"self":[{"href":"https:\/\/fagorcomfortsolutions.es\/pt-pt\/wp-json\/wp\/v2\/pages\/5320","targetHints":{"allow":["GET"]}}],"collection":[{"href":"https:\/\/fagorcomfortsolutions.es\/pt-pt\/wp-json\/wp\/v2\/pages"}],"about":[{"href":"https:\/\/fagorcomfortsolutions.es\/pt-pt\/wp-json\/wp\/v2\/types\/page"}],"author":[{"embeddable":true,"href":"https:\/\/fagorcomfortsolutions.es\/pt-pt\/wp-json\/wp\/v2\/users\/1"}],"replies":[{"embeddable":true,"href":"https:\/\/fagorcomfortsolutions.es\/pt-pt\/wp-json\/wp\/v2\/comments?post=5320"}],"version-history":[{"count":1,"href":"https:\/\/fagorcomfortsolutions.es\/pt-pt\/wp-json\/wp\/v2\/pages\/5320\/revisions"}],"predecessor-version":[{"id":5321,"href":"https:\/\/fagorcomfortsolutions.es\/pt-pt\/wp-json\/wp\/v2\/pages\/5320\/revisions\/5321"}],"wp:attachment":[{"href":"https:\/\/fagorcomfortsolutions.es\/pt-pt\/wp-json\/wp\/v2\/media?parent=5320"}],"curies":[{"name":"wp","href":"https:\/\/api.w.org\/{rel}","templated":true}]}}